{"id":449,"date":"2021-05-07T22:51:51","date_gmt":"2021-05-07T20:51:51","guid":{"rendered":"https:\/\/www.jedac.fr\/fkthermo\/?page_id=449"},"modified":"2021-05-12T16:31:33","modified_gmt":"2021-05-12T14:31:33","slug":"modele-ths-jhampii","status":"publish","type":"page","link":"https:\/\/www.jedac.fr\/fkthermo\/modele-ths-jhampii\/","title":{"rendered":"Mod\u00e8le Ths JHAMPII"},"content":{"rendered":"[vc_row][vc_column][vc_custom_heading text=\u00a0\u00bbNotice d&rsquo;utilisation\u00a0\u00bb font_container=\u00a0\u00bbtag:h3|text_align:left|color:%23f07d21&Prime;][\/vc_column][\/vc_row][vc_row][vc_column width=\u00a0\u00bb1\/2&Prime;][vc_column_text]\n<p align=\"justify\">Le mod\u00e8le <strong>Ths JHAMPII<\/strong> est destin\u00e9 \u00e0 l\u2019\u00e9quipement d\u2019un radiateur raccord\u00e9 \u00e0 un r\u00e9seau de chauffage central ou ind\u00e9pendant d\u2019un r\u00e9seau. L\u2019insert chauffant doit \u00eatre mont\u00e9 en position horizontale dans le collecteur inf\u00e9rieur du radiateur. Le raccord laiton \u00bd\u2019\u2019 doit \u00eatre viss\u00e9 sur le collecteur du radiateur ou sur un T permettant le montage en mixte. Le T de retour d\u2019un radiateur sur circuit \u00e9quip\u00e9 d\u2019un thermoplongeur doit toujours rester ouvert afin de permettre une libre dilatation du volume d\u2019eau.<\/p>\n<p align=\"justify\">Pour le montage sur un radiateur ind\u00e9pendant d\u2019un r\u00e9seau, remplacer imp\u00e9rativement le purgeur par un clapet limiteur de pression et retenir un fluide caloporteur adapt\u00e9 (pour les radiateurs en aluminium un fluide antigel neutre face aux ph\u00e9nom\u00e8nes de d\u00e9gazage).<\/p>\n<p align=\"justify\">Ces appareils construits en classe II (double isolement \u00e9lectrique) doivent \u00eatre aliment\u00e9s en courant alternatif 230 Volts 50 Hz, la polarit\u00e9 phase (fil brun) et neutre (fil bleu) \u00e9tant respect\u00e9e.<\/p>\n<p align=\"justify\">Le conducteur noir est le fil pilote. Il doit recevoir les ordres en 230 Volts 50 Hz, selon les prescriptions EDF et GIFAM. Il commande les fonctions suivantes\u00a0:<\/p>\n<ul>\n<li>Une position Confort<\/li>\n<li>Trois positions \u00e9conomiques\u00a0: r\u00e9duction de temp\u00e9rature 1\u00b0, -2\u00b0 et 3,5\u00b0C<\/li>\n<li>Une position arr\u00eat total<\/li>\n<li>Une position hors-gel<\/li>\n<\/ul>\n[\/vc_column_text][\/vc_column][vc_column width=\u00a0\u00bb1\/2&Prime;][vc_single_image image=\u00a0\u00bb198&Prime; img_size=\u00a0\u00bbfull\u00a0\u00bb][\/vc_column][\/vc_row][vc_row][vc_column][vc_column_text]\n<p align=\"justify\">A la premi\u00e8re utilisation, v\u00e9rifier l\u2019\u00e9tanch\u00e9it\u00e9 du montage r\u00e9alis\u00e9. Toute destruction li\u00e9e \u00e0 un \u00e9coulement de fluide sur le bo\u00eetier de commande supprime la garantie.<\/p>\n<p align=\"justify\">La puissance nominale du thermoplongeur peut \u00eatre sup\u00e9rieure \u00e0 la puissance calorifique du radiateur \u00e0 la valeur effective du delta T dans les conditions d\u2019utilisation du radiateur. Les radiateurs ainsi \u00e9quip\u00e9s ont alors l\u2019avantage d\u2019atteindre rapidement une temp\u00e9rature de contact \u00e9lev\u00e9e si toutefois le point de consigne temp\u00e9rature ambiante affich\u00e9 n\u2019est pas atteint.<\/p>\n<p align=\"justify\"><em>Remarque\u00a0: dans cette configuration, la puissance \u00e9lectrique restitu\u00e9e est limit\u00e9e par la capacit\u00e9 d\u2019\u00e9mission calorifique du radiateur en fonction du Delta T constat\u00e9 dans les conditions d\u2019utilisation.<\/em><\/p>\n<p><strong>Bouton principal<\/strong><\/p>\n<p>Le bouton principal (symbole thermom\u00e8tre gradu\u00e9 de 0 \u00e0 10) permet\u00a0:<\/p>\n<ul>\n<li>\n<p align=\"justify\">La mise en route initiale<\/p>\n<\/li>\n<li>\n<p align=\"justify\">Le r\u00e9glage de la temp\u00e9rature ambiante souhait\u00e9e<\/p>\n<\/li>\n<li>\n<p align=\"justify\">Le r\u00e9armement \u00e9ventuel, par exemple en cas d\u2019arr\u00eat sur \u00ab\u00a0s\u00e9curit\u00e9 surchauffe\u00a0\u00bb, d\u00e9faut d\u2019isolement ou parasitage important du r\u00e9seau d\u2019alimentation<\/p>\n<\/li>\n<\/ul>\n<p><strong>Premi\u00e8re mise en route<\/strong><\/p>\n<ul>\n<li>\n<p align=\"justify\">Placer le radiateur en situation <strong>Confort<\/strong> via le fil Pilote.<\/p>\n<\/li>\n<\/ul>\n<p align=\"justify\"><em>Remarque\u00a0: Si le fil pilote de couleur noir n\u2019est pas raccord\u00e9, le radiateur se trouve toujours en situation Confort.<\/em><\/p>\n<ul>\n<li>\n<p align=\"justify\">Avec le bouton principal, <strong>Temp T\u00b0c<\/strong>, effectuer la mise en marche et s\u00e9lectionner la temp\u00e9rature de confort, entre les rep\u00e8res 6 et 8.<\/p>\n<\/li>\n<\/ul>\n<p align=\"justify\">Ajuster progressivement, en observant le thermom\u00e8tre de la pi\u00e8ce concern\u00e9e et en laissant un temps de stabilisation suffisant entre deux corrections du r\u00e9glage de la temp\u00e9rature.<\/p>\n<p align=\"justify\"><em>Remarque\u00a0: le r\u00e9glage du bouton principal se fait toujours ascendant\u00a0: 6 \u2013 7 \u2013 8 etc. S\u2019il est n\u00e9cessaire de r\u00e9duire de r\u00e9glage, vous devez revenir d\u2019un num\u00e9ro complet avant d\u2019afficher le nouveau r\u00e9glage. Par exemple, pour r\u00e9gler de 8 \u00e0 7, il est n\u00e9cessaire de revenir \u00e0 6 avant de r\u00e9gler \u00e0 7.<\/em><\/p>\n<p align=\"justify\">L\u2019\u00e9conomie d\u2019\u00e9nergie \u00e9lectrique ayant essentiellement pour origines la qualit\u00e9 de r\u00e9gulation et la constance du point de r\u00e9glage, il est n\u00e9cessaire de ne plus toucher au bouton principal lorsque la temp\u00e9rature de confort est obtenue.<\/p>\n<p><strong>Indications donn\u00e9es par la LED bicolore<\/strong><\/p>\n<ul>\n<li>\n<p align=\"justify\">Une <strong>LED \u00e9teinte<\/strong> signifie que l\u2019appareil est \u00e0 l\u2019arr\u00eat complet. Cette situation est \u00e0 \u00e9viter car il n\u2019y a plus de protection hors gel ou de surveillance \u00e9lectronique de d\u00e9faut d\u2019isolement. En cas d\u2019inutilisation prolong\u00e9e, laisser la LED au vert. La consommation \u00e9lectrique LED verte, insignifiante, est la m\u00eame que la LED verte.<\/p>\n<\/li>\n<li>\n<p align=\"justify\">Une <strong>LED au rouge permanent<\/strong> signifie que l\u2019appareil chauffe \u00e0 100% de sa puissance nominale, sans r\u00e9guler<\/p>\n<\/li>\n<li>\n<p align=\"justify\">Une <strong>LED passant alternativement du vert au rouge<\/strong> signifie que l\u2019appareil r\u00e9gule. Le cycle de la LED indique le taux de charge de l\u2019appareil, c\u2019est-\u00e0-dire la puissance \u00e9lectrique moyenne absorb\u00e9e selon la formule\u00a0:<\/p>\n<\/li>\n<\/ul>\n[\/vc_column_text][vc_single_image image=\u00a0\u00bb203&Prime; img_size=\u00a0\u00bbfull\u00a0\u00bb][\/vc_column][\/vc_row][vc_row][vc_column][vc_column_text]<strong>Prescriptions d\u2019usage<\/strong><\/p>\n<p align=\"justify\">Les thermoplongeurs JEDAC sont \u00e9quip\u00e9s de leurs propres r\u00e9gulations et en aucun cas ne doivent \u00eatre pilot\u00e9s \u00e0 partir d\u2019un thermostat ext\u00e9rieur, d\u2019un programmateur thermostatique ou d\u2019un relais thermostat\u00e9. Toute installation de ce type peut entra\u00eener une destruction pr\u00e9matur\u00e9e de l\u2019\u00e9l\u00e9ment chauffant qui ne serait pas couverte par la garantie. La r\u00e9gulation num\u00e9rique qui \u00e9quipe les thermoplongeurs JEDAC limite les appels de courant \u00e0 des p\u00e9riodes tr\u00e8s courtes et rend inutile l\u2019installation de d\u00e9lesteur lorsque la puissance souscrite est correctement dimensionn\u00e9e. Tout comme pour les appareils mentionn\u00e9s pr\u00e9c\u00e9demment (thermostat ext\u00e9rieur, programmateur thermostat\u00e9\u2026), le pilotage d\u2019un thermoplongeur JEDAC par un d\u00e9lesteur est donc proscrit et peut entra\u00eener une destruction pr\u00e9matur\u00e9e de l\u2019\u00e9l\u00e9ment chauffant qui ne serait pas couverte par la garantie. Apr\u00e8s un orage cons\u00e9quent, il peut \u00eatre de l\u2019int\u00e9r\u00eat de l\u2019utilisateur de v\u00e9rifier le bon fonctionnement du thermoplongeur afin de pouvoir \u00e9tablir le cas \u00e9ch\u00e9ant une d\u00e9claration de sinistre dans le d\u00e9lai l\u00e9gal aupr\u00e8s de son assureur.[\/vc_column_text][\/vc_column][\/vc_row][vc_row][vc_column][vc_separator color=\u00a0\u00bbcustom\u00a0\u00bb border_width=\u00a0\u00bb3&Prime; accent_color=\u00a0\u00bb#ccac94&Prime;][\/vc_column][\/vc_row][vc_row][vc_column][vc_custom_heading text=\u00a0\u00bbT\u00e9l\u00e9chargements\u00a0\u00bb font_container=\u00a0\u00bbtag:h3|text_align:left|color:%23f07d21&Prime;][\/vc_column][\/vc_row][vc_row][vc_column width=\u00a0\u00bb1\/4&Prime;][vc_single_image image=\u00a0\u00bb363&Prime; img_size=\u00a0\u00bbmedium\u00a0\u00bb onclick=\u00a0\u00bbcustom_link\u00a0\u00bb img_link_target=\u00a0\u00bb_blank\u00a0\u00bb link=\u00a0\u00bbhttps:\/\/www.jedac.fr\/fkthermo\/wp-content\/uploads\/2021\/05\/Notice-utilisation-Ths-JHAMPII-sans-options.pdf\u00a0\u00bb][\/vc_column][vc_column width=\u00a0\u00bb1\/4&Prime;][vc_single_image image=\u00a0\u00bb417&Prime; img_size=\u00a0\u00bbmedium\u00a0\u00bb onclick=\u00a0\u00bbcustom_link\u00a0\u00bb img_link_target=\u00a0\u00bb_blank\u00a0\u00bb link=\u00a0\u00bbhttps:\/\/www.jedac.fr\/fkthermo\/wp-content\/uploads\/2021\/05\/Notice-montage-Raccord-conique.pdf\u00a0\u00bb][\/vc_column][vc_column width=\u00a0\u00bb1\/4&Prime;][vc_single_image image=\u00a0\u00bb418&Prime; img_size=\u00a0\u00bbmedium\u00a0\u00bb onclick=\u00a0\u00bbcustom_link\u00a0\u00bb img_link_target=\u00a0\u00bb_blank\u00a0\u00bb link=\u00a0\u00bbhttps:\/\/www.jedac.fr\/fkthermo\/wp-content\/uploads\/2021\/05\/Notice-montage-Raccord-cylindrique.pdf\u00a0\u00bb][\/vc_column][vc_column width=\u00a0\u00bb1\/4&Prime;][\/vc_column][\/vc_row]\n","protected":false},"excerpt":{"rendered":"<p>[vc_row][vc_column][vc_custom_heading text=\u00a0\u00bbNotice d&rsquo;utilisation\u00a0\u00bb font_container=\u00a0\u00bbtag:h3|text_align:left|color:%23f07d21&Prime;][\/vc_column][\/vc_row][vc_row][vc_column width=\u00a0\u00bb1\/2&Prime;][vc_column_text] Le mod\u00e8le Ths JHAMPII est destin\u00e9 \u00e0 l\u2019\u00e9quipement d\u2019un radiateur raccord\u00e9 \u00e0 un r\u00e9seau de chauffage central ou ind\u00e9pendant d\u2019un r\u00e9seau. L\u2019insert chauffant doit \u00eatre &#8230; <a href=\"https:\/\/www.jedac.fr\/fkthermo\/modele-ths-jhampii\/\" class=\"more-link\">Lire la suite <\/a><\/p>\n","protected":false},"author":7,"featured_media":0,"parent":0,"menu_order":0,"comment_status":"closed","ping_status":"closed","template":"","meta":[],"yoast_head":"<!-- This site is optimized with the Yoast SEO plugin v16.6.1 - https:\/\/yoast.com\/wordpress\/plugins\/seo\/ -->\n<title>Mod\u00e8le Ths JHAMPII - FK THERMO<\/title>\n<meta name=\"robots\" content=\"index, follow, max-snippet:-1, max-image-preview:large, max-video-preview:-1\" \/>\n<link rel=\"canonical\" href=\"https:\/\/www.jedac.fr\/fkthermo\/modele-ths-jhampii\/\" \/>\n<meta property=\"og:locale\" content=\"fr_FR\" \/>\n<meta property=\"og:type\" content=\"article\" \/>\n<meta property=\"og:title\" content=\"Mod\u00e8le Ths JHAMPII - FK THERMO\" \/>\n<meta property=\"og:description\" content=\"[vc_row][vc_column][vc_custom_heading text=\u00a0\u00bbNotice d&rsquo;utilisation\u00a0\u00bb font_container=\u00a0\u00bbtag:h3|text_align:left|color:%23f07d21&Prime;][\/vc_column][\/vc_row][vc_row][vc_column width=\u00a0\u00bb1\/2&Prime;][vc_column_text] Le mod\u00e8le Ths JHAMPII est destin\u00e9 \u00e0 l\u2019\u00e9quipement d\u2019un radiateur raccord\u00e9 \u00e0 un r\u00e9seau de chauffage central ou ind\u00e9pendant d\u2019un r\u00e9seau. L\u2019insert chauffant doit \u00eatre ... Lire la suite\" \/>\n<meta property=\"og:url\" content=\"https:\/\/www.jedac.fr\/fkthermo\/modele-ths-jhampii\/\" \/>\n<meta property=\"og:site_name\" content=\"FK THERMO\" \/>\n<meta property=\"article:modified_time\" content=\"2021-05-12T14:31:33+00:00\" \/>\n<meta name=\"twitter:card\" content=\"summary_large_image\" \/>\n<meta name=\"twitter:label1\" content=\"Dur\u00e9e de lecture est.\" \/>\n\t<meta name=\"twitter:data1\" content=\"4 minutes\" \/>\n<script type=\"application\/ld+json\" class=\"yoast-schema-graph\">{\"@context\":\"https:\/\/schema.org\",\"@graph\":[{\"@type\":\"WebSite\",\"@id\":\"https:\/\/www.jedac.fr\/fkthermo\/#website\",\"url\":\"https:\/\/www.jedac.fr\/fkthermo\/\",\"name\":\"FK THERMO\",\"description\":\"Thermoplongeurs et thermostats en Lorraine\",\"potentialAction\":[{\"@type\":\"SearchAction\",\"target\":{\"@type\":\"EntryPoint\",\"urlTemplate\":\"https:\/\/www.jedac.fr\/fkthermo\/?s={search_term_string}\"},\"query-input\":\"required name=search_term_string\"}],\"inLanguage\":\"fr-FR\"},{\"@type\":\"WebPage\",\"@id\":\"https:\/\/www.jedac.fr\/fkthermo\/modele-ths-jhampii\/#webpage\",\"url\":\"https:\/\/www.jedac.fr\/fkthermo\/modele-ths-jhampii\/\",\"name\":\"Mod\\u00e8le Ths JHAMPII - FK THERMO\",\"isPartOf\":{\"@id\":\"https:\/\/www.jedac.fr\/fkthermo\/#website\"},\"datePublished\":\"2021-05-07T20:51:51+00:00\",\"dateModified\":\"2021-05-12T14:31:33+00:00\",\"breadcrumb\":{\"@id\":\"https:\/\/www.jedac.fr\/fkthermo\/modele-ths-jhampii\/#breadcrumb\"},\"inLanguage\":\"fr-FR\",\"potentialAction\":[{\"@type\":\"ReadAction\",\"target\":[\"https:\/\/www.jedac.fr\/fkthermo\/modele-ths-jhampii\/\"]}]},{\"@type\":\"BreadcrumbList\",\"@id\":\"https:\/\/www.jedac.fr\/fkthermo\/modele-ths-jhampii\/#breadcrumb\",\"itemListElement\":[{\"@type\":\"ListItem\",\"position\":1,\"name\":\"Accueil\",\"item\":\"https:\/\/www.jedac.fr\/fkthermo\/\"},{\"@type\":\"ListItem\",\"position\":2,\"name\":\"Mod\\u00e8le Ths JHAMPII\"}]}]}<\/script>\n<!-- \/ Yoast SEO plugin. -->","_links":{"self":[{"href":"https:\/\/www.jedac.fr\/fkthermo\/wp-json\/wp\/v2\/pages\/449"}],"collection":[{"href":"https:\/\/www.jedac.fr\/fkthermo\/wp-json\/wp\/v2\/pages"}],"about":[{"href":"https:\/\/www.jedac.fr\/fkthermo\/wp-json\/wp\/v2\/types\/page"}],"author":[{"embeddable":true,"href":"https:\/\/www.jedac.fr\/fkthermo\/wp-json\/wp\/v2\/users\/7"}],"replies":[{"embeddable":true,"href":"https:\/\/www.jedac.fr\/fkthermo\/wp-json\/wp\/v2\/comments?post=449"}],"version-history":[{"count":4,"href":"https:\/\/www.jedac.fr\/fkthermo\/wp-json\/wp\/v2\/pages\/449\/revisions"}],"predecessor-version":[{"id":565,"href":"https:\/\/www.jedac.fr\/fkthermo\/wp-json\/wp\/v2\/pages\/449\/revisions\/565"}],"wp:attachment":[{"href":"https:\/\/www.jedac.fr\/fkthermo\/wp-json\/wp\/v2\/media?parent=449"}],"curies":[{"name":"wp","href":"https:\/\/api.w.org\/{rel}","templated":true}]}}