{"id":442,"date":"2021-05-07T22:46:35","date_gmt":"2021-05-07T20:46:35","guid":{"rendered":"https:\/\/www.jedac.fr\/fkthermo\/?page_id=442"},"modified":"2021-05-12T16:29:22","modified_gmt":"2021-05-12T14:29:22","slug":"modele-ths-jhaii","status":"publish","type":"page","link":"https:\/\/www.jedac.fr\/fkthermo\/modele-ths-jhaii\/","title":{"rendered":"Mod\u00e8le Ths JHAII"},"content":{"rendered":"[vc_row][vc_column][vc_custom_heading text=\u00a0\u00bbNotice d&rsquo;utilisation\u00a0\u00bb font_container=\u00a0\u00bbtag:h3|text_align:left|color:%23f07d21&Prime;][\/vc_column][\/vc_row][vc_row][vc_column width=\u00a0\u00bb1\/2&Prime;][vc_column_text]\n<p align=\"justify\">Le mod\u00e8le <strong>Ths JHAII<\/strong> est destin\u00e9 \u00e0 l\u2019\u00e9quipement d\u2019un radiateur raccord\u00e9 \u00e0 un r\u00e9seau de chauffage central ou ind\u00e9pendant de tout r\u00e9seau. L\u2019insert chauffant doit \u00eatre mont\u00e9 en position horizontale dans le collecteur bas du radiateur. Le raccord laiton \u00bd \u00bb doit \u00eatre viss\u00e9 directement dans le radiateur.<\/p>\n<p align=\"justify\">Le T de retour d\u2019un radiateur sur circuit \u00e9quip\u00e9 d\u2019un thermoplongeur doit toujours rester ouvert afin de permettre une libre dilatation du volume d\u2019eau. Pour le montage sur un radiateur ind\u00e9pendant d\u2019un r\u00e9seau, remplacer imp\u00e9rativement le purgeur par un clapet limiteur de pression et retenir un fluide caloporteur adapt\u00e9.<\/p>\n<p align=\"justify\">Ces appareils construits en Classe II (double isolement \u00e9lectrique) doivent \u00eatre aliment\u00e9s en courant alternatif 230 Volts 50Hz, la polarit\u00e9 phase et neutre \u00e9tant respect\u00e9e.<\/p>\n<p align=\"justify\">A la premi\u00e8re utilisation v\u00e9rifier l\u2019\u00e9tanch\u00e9it\u00e9 du montage r\u00e9alis\u00e9, toute destruction li\u00e9e \u00e0 un \u00e9coulement de fluide sur le bo\u00eetier de commande supprime la garantie. Veillez \u00e0 \u00e9loigner la sonde de mesure de la temp\u00e9rature ambiante du radiateur et \u00e9viter tout contact avec les parois environnantes (mur, sol etc.)<\/p>\n<p align=\"justify\">La puissance nominale du Thermoplongeur doit \u00eatre inf\u00e9rieure ou \u00e9gale \u00e0 la puissance calorifique du radiateur \u00e0 la valeur effective du Delta T dans les conditions d\u2019utilisation du radiateur. Le non- respect de cette consigne supprime la garantie sans recours.[\/vc_column_text][\/vc_column][vc_column width=\u00a0\u00bb1\/2&Prime;][vc_single_image image=\u00a0\u00bb198&Prime; img_size=\u00a0\u00bbfull\u00a0\u00bb][\/vc_column][\/vc_row][vc_row][vc_column][vc_column_text]<strong>Bouton principal<\/strong><\/p>\n<p align=\"justify\">Le bouton principal permet\u00a0:<\/p>\n<ul>\n<li>\n<p align=\"justify\">La mise en route initiale<\/p>\n<\/li>\n<li>\n<p align=\"justify\">Le r\u00e9glage de la temp\u00e9rature ambiante souhait\u00e9e<\/p>\n<\/li>\n<li>\n<p align=\"justify\">Le r\u00e9armement \u00e9ventuel, par exemple en cas d\u2019arr\u00eat sur \u00ab\u00a0s\u00e9curit\u00e9 surchauffe\u00a0\u00bb, d\u00e9faut d\u2019isolement ou parasitage important du r\u00e9seau d\u2019alimentation<\/p>\n<\/li>\n<\/ul>\n<p align=\"justify\"><strong>Bouton Jour\/Nuit \u2013 Chauffage normal\/chauffage r\u00e9duit<\/strong><\/p>\n<ul>\n<li>\n<p align=\"justify\">En position <strong>chauffage normal<\/strong> (bouton tourn\u00e9 \u00e0 fond dans le sens des aiguilles d\u2019une montre), la temp\u00e9rature de consigne retenue est celle affich\u00e9e par le bouton principal<\/p>\n<\/li>\n<li>\n<p align=\"justify\">En position <strong>chauffage r\u00e9duit<\/strong> (bouton tourn\u00e9 \u00e0 fond dans le sens inverse), la temp\u00e9rature de consigne est inf\u00e9rieure de 4 \u00e0 5\u00b0C \u00e0 la valeur affich\u00e9e au bouton principal<\/p>\n<\/li>\n<\/ul>\n<p align=\"justify\"><strong>Indications donn\u00e9es par la LED bicolore<\/strong><\/p>\n<ul>\n<li>\n<p align=\"justify\">Une <strong>LED \u00e9teinte<\/strong> signifie que l\u2019appareil est \u00e0 l\u2019arr\u00eat complet. Cette situation est \u00e0 \u00e9viter car il n\u2019y a plus de protection hors gel ou de surveillance \u00e9lectronique de d\u00e9faut d\u2019isolement. En cas d\u2019inutilisation prolong\u00e9e, laisser la LED au vert. La consommation \u00e9lectrique LED verte, insignifiante, est la m\u00eame que la LED verte.<\/p>\n<\/li>\n<li>\n<p align=\"justify\">Une <strong>LED au rouge permanent<\/strong> signifie que l\u2019appareil chauffe \u00e0 100% de sa puissance nominale, sans r\u00e9guler<\/p>\n<\/li>\n<li>\n<p align=\"justify\">Une <strong>LED passant alternativement du vert au rouge<\/strong> signifie que l\u2019appareil r\u00e9gule. Le cycle de la LED indique le taux de charge de l\u2019appareil, c\u2019est-\u00e0-dire la puissance \u00e9lectrique moyenne absorb\u00e9e selon la formule\u00a0:<\/p>\n<\/li>\n<\/ul>\n[\/vc_column_text][vc_single_image image=\u00a0\u00bb203&Prime; img_size=\u00a0\u00bbfull\u00a0\u00bb][\/vc_column][\/vc_row][vc_row][vc_column][vc_column_text]<strong>Garantie FKThermo<\/strong><\/p>\n<p align=\"justify\">Les appareils JEDAC fabriqu\u00e9s par FKTHERMO sont garantis 2ans, pi\u00e8ces et main d\u2019\u0153uvre. La garantie d\u00e9bute \u00e0 compter de la date de facture d\u2019achat.[\/vc_column_text][\/vc_column][\/vc_row][vc_row][vc_column][vc_separator color=\u00a0\u00bbcustom\u00a0\u00bb border_width=\u00a0\u00bb3&Prime; accent_color=\u00a0\u00bb#ccac94&Prime;][\/vc_column][\/vc_row][vc_row][vc_column][vc_custom_heading text=\u00a0\u00bbT\u00e9l\u00e9chargements\u00a0\u00bb font_container=\u00a0\u00bbtag:h3|text_align:left|color:%23f07d21&Prime;][\/vc_column][\/vc_row][vc_row][vc_column width=\u00a0\u00bb1\/4&Prime;][vc_single_image image=\u00a0\u00bb363&Prime; img_size=\u00a0\u00bbmedium\u00a0\u00bb onclick=\u00a0\u00bbcustom_link\u00a0\u00bb img_link_target=\u00a0\u00bb_blank\u00a0\u00bb link=\u00a0\u00bbhttps:\/\/www.jedac.fr\/fkthermo\/wp-content\/uploads\/2021\/05\/Notice-utilisation-Ths-JHAII.pdf\u00a0\u00bb][\/vc_column][vc_column width=\u00a0\u00bb1\/4&Prime;][vc_single_image image=\u00a0\u00bb417&Prime; img_size=\u00a0\u00bbmedium\u00a0\u00bb onclick=\u00a0\u00bbcustom_link\u00a0\u00bb img_link_target=\u00a0\u00bb_blank\u00a0\u00bb link=\u00a0\u00bbhttps:\/\/www.jedac.fr\/fkthermo\/wp-content\/uploads\/2021\/05\/Notice-montage-Raccord-conique.pdf\u00a0\u00bb][\/vc_column][vc_column width=\u00a0\u00bb1\/4&Prime;][vc_single_image image=\u00a0\u00bb418&Prime; img_size=\u00a0\u00bbmedium\u00a0\u00bb onclick=\u00a0\u00bbcustom_link\u00a0\u00bb img_link_target=\u00a0\u00bb_blank\u00a0\u00bb link=\u00a0\u00bbhttps:\/\/www.jedac.fr\/fkthermo\/wp-content\/uploads\/2021\/05\/Notice-montage-Raccord-cylindrique.pdf\u00a0\u00bb][\/vc_column][vc_column width=\u00a0\u00bb1\/4&Prime;][\/vc_column][\/vc_row][vc_row][vc_column][vc_column_text]\n[\/vc_column_text][\/vc_column][\/vc_row]\n","protected":false},"excerpt":{"rendered":"<p>[vc_row][vc_column][vc_custom_heading text=\u00a0\u00bbNotice d&rsquo;utilisation\u00a0\u00bb font_container=\u00a0\u00bbtag:h3|text_align:left|color:%23f07d21&Prime;][\/vc_column][\/vc_row][vc_row][vc_column width=\u00a0\u00bb1\/2&Prime;][vc_column_text] Le mod\u00e8le Ths JHAII est destin\u00e9 \u00e0 l\u2019\u00e9quipement d\u2019un radiateur raccord\u00e9 \u00e0 un r\u00e9seau de chauffage central ou ind\u00e9pendant de tout r\u00e9seau. L\u2019insert chauffant doit &#8230; <a href=\"https:\/\/www.jedac.fr\/fkthermo\/modele-ths-jhaii\/\" class=\"more-link\">Lire la suite <\/a><\/p>\n","protected":false},"author":7,"featured_media":0,"parent":0,"menu_order":0,"comment_status":"closed","ping_status":"closed","template":"","meta":[],"yoast_head":"<!-- This site is optimized with the Yoast SEO plugin v16.6.1 - https:\/\/yoast.com\/wordpress\/plugins\/seo\/ -->\n<title>Mod\u00e8le Ths JHAII - FK THERMO<\/title>\n<meta name=\"robots\" content=\"index, follow, max-snippet:-1, max-image-preview:large, max-video-preview:-1\" \/>\n<link rel=\"canonical\" href=\"https:\/\/www.jedac.fr\/fkthermo\/modele-ths-jhaii\/\" \/>\n<meta property=\"og:locale\" content=\"fr_FR\" \/>\n<meta property=\"og:type\" content=\"article\" \/>\n<meta property=\"og:title\" content=\"Mod\u00e8le Ths JHAII - FK THERMO\" \/>\n<meta property=\"og:description\" content=\"[vc_row][vc_column][vc_custom_heading text=\u00a0\u00bbNotice d&rsquo;utilisation\u00a0\u00bb font_container=\u00a0\u00bbtag:h3|text_align:left|color:%23f07d21&Prime;][\/vc_column][\/vc_row][vc_row][vc_column width=\u00a0\u00bb1\/2&Prime;][vc_column_text] Le mod\u00e8le Ths JHAII est destin\u00e9 \u00e0 l\u2019\u00e9quipement d\u2019un radiateur raccord\u00e9 \u00e0 un r\u00e9seau de chauffage central ou ind\u00e9pendant de tout r\u00e9seau. L\u2019insert chauffant doit ... Lire la suite\" \/>\n<meta property=\"og:url\" content=\"https:\/\/www.jedac.fr\/fkthermo\/modele-ths-jhaii\/\" \/>\n<meta property=\"og:site_name\" content=\"FK THERMO\" \/>\n<meta property=\"article:modified_time\" content=\"2021-05-12T14:29:22+00:00\" \/>\n<meta name=\"twitter:card\" content=\"summary_large_image\" \/>\n<meta name=\"twitter:label1\" content=\"Dur\u00e9e de lecture est.\" \/>\n\t<meta name=\"twitter:data1\" content=\"3 minutes\" \/>\n<script type=\"application\/ld+json\" class=\"yoast-schema-graph\">{\"@context\":\"https:\/\/schema.org\",\"@graph\":[{\"@type\":\"WebSite\",\"@id\":\"https:\/\/www.jedac.fr\/fkthermo\/#website\",\"url\":\"https:\/\/www.jedac.fr\/fkthermo\/\",\"name\":\"FK THERMO\",\"description\":\"Thermoplongeurs et thermostats en Lorraine\",\"potentialAction\":[{\"@type\":\"SearchAction\",\"target\":{\"@type\":\"EntryPoint\",\"urlTemplate\":\"https:\/\/www.jedac.fr\/fkthermo\/?s={search_term_string}\"},\"query-input\":\"required name=search_term_string\"}],\"inLanguage\":\"fr-FR\"},{\"@type\":\"WebPage\",\"@id\":\"https:\/\/www.jedac.fr\/fkthermo\/modele-ths-jhaii\/#webpage\",\"url\":\"https:\/\/www.jedac.fr\/fkthermo\/modele-ths-jhaii\/\",\"name\":\"Mod\\u00e8le Ths JHAII - FK THERMO\",\"isPartOf\":{\"@id\":\"https:\/\/www.jedac.fr\/fkthermo\/#website\"},\"datePublished\":\"2021-05-07T20:46:35+00:00\",\"dateModified\":\"2021-05-12T14:29:22+00:00\",\"breadcrumb\":{\"@id\":\"https:\/\/www.jedac.fr\/fkthermo\/modele-ths-jhaii\/#breadcrumb\"},\"inLanguage\":\"fr-FR\",\"potentialAction\":[{\"@type\":\"ReadAction\",\"target\":[\"https:\/\/www.jedac.fr\/fkthermo\/modele-ths-jhaii\/\"]}]},{\"@type\":\"BreadcrumbList\",\"@id\":\"https:\/\/www.jedac.fr\/fkthermo\/modele-ths-jhaii\/#breadcrumb\",\"itemListElement\":[{\"@type\":\"ListItem\",\"position\":1,\"name\":\"Accueil\",\"item\":\"https:\/\/www.jedac.fr\/fkthermo\/\"},{\"@type\":\"ListItem\",\"position\":2,\"name\":\"Mod\\u00e8le Ths JHAII\"}]}]}<\/script>\n<!-- \/ Yoast SEO plugin. -->","_links":{"self":[{"href":"https:\/\/www.jedac.fr\/fkthermo\/wp-json\/wp\/v2\/pages\/442"}],"collection":[{"href":"https:\/\/www.jedac.fr\/fkthermo\/wp-json\/wp\/v2\/pages"}],"about":[{"href":"https:\/\/www.jedac.fr\/fkthermo\/wp-json\/wp\/v2\/types\/page"}],"author":[{"embeddable":true,"href":"https:\/\/www.jedac.fr\/fkthermo\/wp-json\/wp\/v2\/users\/7"}],"replies":[{"embeddable":true,"href":"https:\/\/www.jedac.fr\/fkthermo\/wp-json\/wp\/v2\/comments?post=442"}],"version-history":[{"count":4,"href":"https:\/\/www.jedac.fr\/fkthermo\/wp-json\/wp\/v2\/pages\/442\/revisions"}],"predecessor-version":[{"id":563,"href":"https:\/\/www.jedac.fr\/fkthermo\/wp-json\/wp\/v2\/pages\/442\/revisions\/563"}],"wp:attachment":[{"href":"https:\/\/www.jedac.fr\/fkthermo\/wp-json\/wp\/v2\/media?parent=442"}],"curies":[{"name":"wp","href":"https:\/\/api.w.org\/{rel}","templated":true}]}}