{"id":3,"date":"2021-01-11T16:22:01","date_gmt":"2021-01-11T15:22:01","guid":{"rendered":"https:\/\/www.jedac.fr\/fkthermo\/?page_id=3"},"modified":"2021-01-15T16:30:10","modified_gmt":"2021-01-15T15:30:10","slug":"politique-de-confidentialite","status":"publish","type":"page","link":"https:\/\/www.jedac.fr\/fkthermo\/politique-de-confidentialite\/","title":{"rendered":"Mentions L\u00e9gales"},"content":{"rendered":"[vc_row][vc_column][vc_tta_accordion active_section=\u00a0\u00bb\u00a0\u00bb collapsible_all=\u00a0\u00bbtrue\u00a0\u00bb][vc_tta_section title=\u00a0\u00bbMentions L\u00e9gales\u00a0\u00bb tab_id=\u00a0\u00bbmentionslegales\u00a0\u00bb][vc_column_text]\n<p>Informations juridiques :<\/p>\n<ul>\n<li>FK THERMO SARL au capital de 5 000 \u20ac<\/li>\n<li>SIRET : 80527901500012<\/li>\n<li>APE : 3320C<\/li>\n<\/ul>\n<p>Le pr\u00e9sent site est \u00e9dit\u00e9 par FKThermo.<\/p>\n<p>Le directeur de la publication du site est Martial FISCHER.<\/p>\n<p>Le site web www.FKThermo.fr est h\u00e9berg\u00e9 par la soci\u00e9t\u00e9 OVH. L\u2019utilisateur reconna\u00eet avoir \u00e9t\u00e9 inform\u00e9 que le pr\u00e9sent site est accessible 24 heures sur 24 et 7 jours sur 7, \u00e0 l\u2019exception des cas de force majeure, difficult\u00e9s informatiques, difficult\u00e9s li\u00e9es \u00e0 la structure des r\u00e9seaux de communication ou difficult\u00e9s techniques. Pour des raisons de maintenance, la soci\u00e9t\u00e9 OVH pourra interrompre le site et s\u2019efforcera d\u2019en avertir pr\u00e9alablement les utilisateurs.<\/p>\n<p>La structure g\u00e9n\u00e9rale, ainsi que les logiciels, textes, images anim\u00e9es ou non, son savoir-faire, et tous autres \u00e9l\u00e9ments composant le site sont la propri\u00e9t\u00e9 exclusive de l\u2019\u00e9diteur.<\/p>\n<p>Toute repr\u00e9sentation totale ou partielle de ce site par quelque proc\u00e9d\u00e9 que se soit, sans l\u2019autorisation expresse et \u00e9crite de l\u2019\u00e9diteur, constituerait une contrefa\u00e7on sanctionn\u00e9e par les articles L.335-2 et suivants du Code de la propri\u00e9t\u00e9 intellectuelle. Il en est de m\u00eame des bases de donn\u00e9es figurant sur le site web, qui sont prot\u00e9g\u00e9es par les dispositions de la loi du 1er juillet 1998 portant transposition dans le Code de la propri\u00e9t\u00e9 intellectuelle de la directive europ\u00e9enne du 11 mars 1996 relative \u00e0 la protection juridique des bases de donn\u00e9es, et dont FK Thermo est productrice.<\/p>\n<p>Toute reproduction totale ou partielle de ces marques ou de ces logos, effectu\u00e9e \u00e0 partir des \u00e9l\u00e9ments du site sans l\u2019autorisation expresse de l\u2019\u00e9diteur est donc prohib\u00e9e, au sens de l\u2019article L.713-2 du Code de la propri\u00e9t\u00e9 intellectuelle.<\/p>\n<p>Les liens hypertextes mis en place dans le cadre du pr\u00e9sent site web en direction d\u2019autres ressources pr\u00e9sentes sur le r\u00e9seau Internet, et notamment vers ses partenaires ont fait l\u2019objet d\u2019une autorisation pr\u00e9alable, expresse et \u00e9crite. Les utilisateurs et visiteurs du site web ne peuvent mettre en place d\u2019hyperlien en direction de ce site sans l\u2019autorisation expresse et pr\u00e9alable de l\u2019\u00e9diteur.<\/p>\n<p>FKThermo met tout en oeuvre pour offrir aux utilisateurs des informations et\/ou outils disponibles et v\u00e9rifi\u00e9s, mais ne saurait \u00eatre tenu pour responsable des erreurs, d\u2019une absence de disponibilit\u00e9 des informations et\/ou de la pr\u00e9sence de virus sur son site.<\/p>\n<p>Conform\u00e9ment \u00e0 la loi n\u00b078-17 du 6 janvier 1978 relative \u00e0 l\u2019informatique, aux fichiers et aux libert\u00e9s (loi dite Informatique et Libert\u00e9s), les utilisateurs disposent d\u2019un droit d\u2019acc\u00e8s (art. 34 \u00e0 38 de la loi) et de retrait (art. 26 de la loi) de toutes les donn\u00e9es \u00e0 caract\u00e8re personnel qui ont \u00e9t\u00e9 port\u00e9es \u00e0 la connaissance de www.FKThermo.fr lors de l\u2019utilisation de son site Internet. De m\u00eame, les utilisateurs disposent du droit de s\u2019opposer \u00e0 la cession des donn\u00e9es. L\u2019exercice des droits d\u00e9crits ci-dessus est possible en envoyant un courrier via notre <a href=\"https:\/\/www.jedac.fr\/fkthermo\/contact\/\">formulaire de contact<\/a><\/p>\n[\/vc_column_text][\/vc_tta_section][vc_tta_section title=\u00a0\u00bbCr\u00e9dits\u00a0\u00bb tab_id=\u00a0\u00bbcreditsdutilisation\u00a0\u00bb][vc_column_text]\n<p>Directeur de la publication : Martial FISCHER<\/p>\n<p>Cr\u00e9dits photos : FK Thermo &#8211; D\u00e9clic Communication<\/p>\n<p>Cr\u00e9ation, r\u00e9alisation et d\u00e9veloppement informatique : D\u00e9clic Communication<\/p>\n<p>L\u2019activation du javascript est n\u00e9cessaire au bon fonctionnement du site.<\/p>\n[\/vc_column_text][\/vc_tta_section][\/vc_tta_accordion][\/vc_column][\/vc_row]\n","protected":false},"excerpt":{"rendered":"<p>[vc_row][vc_column][vc_tta_accordion active_section=\u00a0\u00bb\u00a0\u00bb collapsible_all=\u00a0\u00bbtrue\u00a0\u00bb][vc_tta_section title=\u00a0\u00bbMentions L\u00e9gales\u00a0\u00bb tab_id=\u00a0\u00bbmentionslegales\u00a0\u00bb][vc_column_text] Informations juridiques : FK THERMO SARL au capital de 5 000 \u20ac SIRET : 80527901500012 APE : 3320C Le pr\u00e9sent site est \u00e9dit\u00e9 par &#8230; <a href=\"https:\/\/www.jedac.fr\/fkthermo\/politique-de-confidentialite\/\" class=\"more-link\">Lire la suite <\/a><\/p>\n","protected":false},"author":1,"featured_media":0,"parent":0,"menu_order":0,"comment_status":"closed","ping_status":"closed","template":"","meta":[],"yoast_head":"<!-- This site is optimized with the Yoast SEO plugin v16.6.1 - https:\/\/yoast.com\/wordpress\/plugins\/seo\/ -->\n<title>Mentions L\u00e9gales - FK THERMO<\/title>\n<meta name=\"robots\" content=\"index, follow, max-snippet:-1, max-image-preview:large, max-video-preview:-1\" \/>\n<link rel=\"canonical\" href=\"https:\/\/www.jedac.fr\/fkthermo\/politique-de-confidentialite\/\" \/>\n<meta property=\"og:locale\" content=\"fr_FR\" \/>\n<meta property=\"og:type\" content=\"article\" \/>\n<meta property=\"og:title\" content=\"Mentions L\u00e9gales - FK THERMO\" \/>\n<meta property=\"og:description\" content=\"[vc_row][vc_column][vc_tta_accordion active_section=\u00a0\u00bb\u00a0\u00bb collapsible_all=\u00a0\u00bbtrue\u00a0\u00bb][vc_tta_section title=\u00a0\u00bbMentions L\u00e9gales\u00a0\u00bb tab_id=\u00a0\u00bbmentionslegales\u00a0\u00bb][vc_column_text] Informations juridiques : FK THERMO SARL au capital de 5 000 \u20ac SIRET : 80527901500012 APE : 3320C Le pr\u00e9sent site est \u00e9dit\u00e9 par ... Lire la suite\" \/>\n<meta property=\"og:url\" content=\"https:\/\/www.jedac.fr\/fkthermo\/politique-de-confidentialite\/\" \/>\n<meta property=\"og:site_name\" content=\"FK THERMO\" \/>\n<meta property=\"article:modified_time\" content=\"2021-01-15T15:30:10+00:00\" \/>\n<meta name=\"twitter:card\" content=\"summary_large_image\" \/>\n<meta name=\"twitter:label1\" content=\"Dur\u00e9e de lecture est.\" \/>\n\t<meta name=\"twitter:data1\" content=\"3 minutes\" \/>\n<script type=\"application\/ld+json\" class=\"yoast-schema-graph\">{\"@context\":\"https:\/\/schema.org\",\"@graph\":[{\"@type\":\"WebSite\",\"@id\":\"https:\/\/www.jedac.fr\/fkthermo\/#website\",\"url\":\"https:\/\/www.jedac.fr\/fkthermo\/\",\"name\":\"FK THERMO\",\"description\":\"Thermoplongeurs et thermostats en Lorraine\",\"potentialAction\":[{\"@type\":\"SearchAction\",\"target\":{\"@type\":\"EntryPoint\",\"urlTemplate\":\"https:\/\/www.jedac.fr\/fkthermo\/?s={search_term_string}\"},\"query-input\":\"required name=search_term_string\"}],\"inLanguage\":\"fr-FR\"},{\"@type\":\"WebPage\",\"@id\":\"https:\/\/www.jedac.fr\/fkthermo\/politique-de-confidentialite\/#webpage\",\"url\":\"https:\/\/www.jedac.fr\/fkthermo\/politique-de-confidentialite\/\",\"name\":\"Mentions L\\u00e9gales - FK THERMO\",\"isPartOf\":{\"@id\":\"https:\/\/www.jedac.fr\/fkthermo\/#website\"},\"datePublished\":\"2021-01-11T15:22:01+00:00\",\"dateModified\":\"2021-01-15T15:30:10+00:00\",\"breadcrumb\":{\"@id\":\"https:\/\/www.jedac.fr\/fkthermo\/politique-de-confidentialite\/#breadcrumb\"},\"inLanguage\":\"fr-FR\",\"potentialAction\":[{\"@type\":\"ReadAction\",\"target\":[\"https:\/\/www.jedac.fr\/fkthermo\/politique-de-confidentialite\/\"]}]},{\"@type\":\"BreadcrumbList\",\"@id\":\"https:\/\/www.jedac.fr\/fkthermo\/politique-de-confidentialite\/#breadcrumb\",\"itemListElement\":[{\"@type\":\"ListItem\",\"position\":1,\"name\":\"Accueil\",\"item\":\"https:\/\/www.jedac.fr\/fkthermo\/\"},{\"@type\":\"ListItem\",\"position\":2,\"name\":\"Mentions L\\u00e9gales\"}]}]}<\/script>\n<!-- \/ Yoast SEO plugin. -->","_links":{"self":[{"href":"https:\/\/www.jedac.fr\/fkthermo\/wp-json\/wp\/v2\/pages\/3"}],"collection":[{"href":"https:\/\/www.jedac.fr\/fkthermo\/wp-json\/wp\/v2\/pages"}],"about":[{"href":"https:\/\/www.jedac.fr\/fkthermo\/wp-json\/wp\/v2\/types\/page"}],"author":[{"embeddable":true,"href":"https:\/\/www.jedac.fr\/fkthermo\/wp-json\/wp\/v2\/users\/1"}],"replies":[{"embeddable":true,"href":"https:\/\/www.jedac.fr\/fkthermo\/wp-json\/wp\/v2\/comments?post=3"}],"version-history":[{"count":4,"href":"https:\/\/www.jedac.fr\/fkthermo\/wp-json\/wp\/v2\/pages\/3\/revisions"}],"predecessor-version":[{"id":126,"href":"https:\/\/www.jedac.fr\/fkthermo\/wp-json\/wp\/v2\/pages\/3\/revisions\/126"}],"wp:attachment":[{"href":"https:\/\/www.jedac.fr\/fkthermo\/wp-json\/wp\/v2\/media?parent=3"}],"curies":[{"name":"wp","href":"https:\/\/api.w.org\/{rel}","templated":true}]}}