{"id":27,"date":"2021-01-11T17:13:07","date_gmt":"2021-01-11T16:13:07","guid":{"rendered":"https:\/\/www.jedac.fr\/fkthermo\/?page_id=27"},"modified":"2021-01-15T15:52:35","modified_gmt":"2021-01-15T14:52:35","slug":"contact","status":"publish","type":"page","link":"https:\/\/www.jedac.fr\/fkthermo\/contact\/","title":{"rendered":"Contact"},"content":{"rendered":"[vc_row][vc_column width=\u00a0\u00bb1\/4&Prime;][vc_column_text]\n<p><strong>FKTHERMO<\/strong><br \/>\n6 Rue de la Binette<br \/>\n57220 Coume<\/p>\n[\/vc_column_text][\/vc_column][vc_column width=\u00a0\u00bb3\/4&Prime;]<div role=\"form\" class=\"wpcf7\" id=\"wpcf7-f8-o1\" lang=\"fr-FR\" dir=\"ltr\">\n<div class=\"screen-reader-response\"><p role=\"status\" aria-live=\"polite\" aria-atomic=\"true\"><\/p> <ul><\/ul><\/div>\n<form action=\"\/fkthermo\/wp-json\/wp\/v2\/pages\/27#wpcf7-f8-o1\" method=\"post\" class=\"wpcf7-form init\" novalidate=\"novalidate\" data-status=\"init\">\n<div style=\"display: none;\">\n<input type=\"hidden\" name=\"_wpcf7\" value=\"8\" \/>\n<input type=\"hidden\" name=\"_wpcf7_version\" value=\"5.4.1\" \/>\n<input type=\"hidden\" name=\"_wpcf7_locale\" value=\"fr_FR\" \/>\n<input type=\"hidden\" name=\"_wpcf7_unit_tag\" value=\"wpcf7-f8-o1\" \/>\n<input type=\"hidden\" name=\"_wpcf7_container_post\" value=\"0\" \/>\n<input type=\"hidden\" name=\"_wpcf7_posted_data_hash\" value=\"\" \/>\n<input type=\"hidden\" name=\"_wpcf7_recaptcha_response\" value=\"\" \/>\n<\/div>\n<div id=\"responsive-form\" class=\"clearfix\">\n<div class=\"form-row\">\n<div class=\"column-half\"><span class=\"wpcf7-form-control-wrap sonnom\"><input type=\"text\" name=\"sonnom\" value=\"\" size=\"40\" class=\"wpcf7-form-control wpcf7-text wpcf7-validates-as-required\" aria-required=\"true\" aria-invalid=\"false\" placeholder=\"Nom *\" \/><\/span><\/div>\n<div class=\"column-half\"><span class=\"wpcf7-form-control-wrap sonprenom\"><input type=\"text\" name=\"sonprenom\" value=\"\" size=\"40\" class=\"wpcf7-form-control wpcf7-text wpcf7-validates-as-required\" aria-required=\"true\" aria-invalid=\"false\" placeholder=\"Pr\u00e9nom *\" \/><\/span><\/div>\n<\/div>\n<div class=\"form-row\">\n<div class=\"column-full\"><span class=\"wpcf7-form-control-wrap sasociete\"><input type=\"text\" name=\"sasociete\" value=\"\" size=\"40\" class=\"wpcf7-form-control wpcf7-text\" aria-invalid=\"false\" placeholder=\"Soci\u00e9t\u00e9\" \/><\/span><\/div>\n<\/div>\n<div class=\"form-row\">\n<div class=\"column-half\"><span class=\"wpcf7-form-control-wrap sonmail\"><input type=\"email\" name=\"sonmail\" value=\"\" size=\"40\" class=\"wpcf7-form-control wpcf7-text wpcf7-email wpcf7-validates-as-required wpcf7-validates-as-email\" aria-required=\"true\" aria-invalid=\"false\" placeholder=\"Courriel *\" \/><\/span><\/div>\n<div class=\"column-half\"><span class=\"wpcf7-form-control-wrap sontelephone\"><input type=\"text\" name=\"sontelephone\" value=\"\" size=\"40\" class=\"wpcf7-form-control wpcf7-text wpcf7-validates-as-required\" aria-required=\"true\" aria-invalid=\"false\" placeholder=\"T\u00e9l\u00e9phone*\" \/><\/span><\/div>\n<\/div>\n<div class=\"form-row\">\n<div class=\"column-full\"><span class=\"wpcf7-form-control-wrap message\"><textarea name=\"message\" cols=\"40\" rows=\"10\" class=\"wpcf7-form-control wpcf7-textarea\" aria-invalid=\"false\" placeholder=\"Votre message\"><\/textarea><\/span><\/div>\n<\/div>\n<div class=\"form-row\">\n<div class=\"column-full\"> <span class=\"wpcf7-form-control-wrap acceptance-248\"><span class=\"wpcf7-form-control wpcf7-acceptance\"><span class=\"wpcf7-list-item\"><input type=\"checkbox\" name=\"acceptance-248\" value=\"1\" aria-invalid=\"false\" \/><\/span><\/span><\/span> Je confirme avoir pris connaissance des informations relatives au recueil et \u00e0 la gestion de mes donn\u00e9es via ce formulaire.<\/p>\n<p>    Les informations recueillies par FKThermo via ce formulaire sont utilis\u00e9es pour traiter votre demande particuli\u00e8re et vous faire parvenir des informations li\u00e9es \u00e0 notre structure. Pour demander la modification ou la suppression de vos informations, utilisez ce m\u00eame formulaire<\/a>. <\/div>\n<\/div>\n<div class=\"form-row\">\n<div class=\"column-full\"><input type=\"submit\" value=\"Envoyer\" class=\"wpcf7-form-control wpcf7-submit\" \/><\/div>\n<\/div>\n<p><!-- Captcha --><\/p>\n<div class=\"form-row\">\n<div class=\"column-full\">\n<hr><\/div>\n<\/div>\n<div class=\"form-row\">\n<div class=\"column-full recaptcha-style\">\n<small>Ce site est prot\u00e9g\u00e9 par reCAPTCHA et les <a href=\"https:\/\/policies.google.com\/privacy\" target=\"_blank\">r\u00e8gles de confidentialit\u00e9<\/a> de Google et les <a href=\"https:\/\/policies.google.com\/terms\" target=\"_blank\">conditions d\u2019utilisation<\/a> s\u2019appliquent.<\/small>\n<\/div>\n<\/div>\n<p><!-- Fin Captcha --><\/p>\n<\/div>\n<p><!--end responsive-form--><\/p>\n<div class=\"wpcf7-response-output\" aria-hidden=\"true\"><\/div><\/form><\/div>[\/vc_column][\/vc_row][vc_row full_width=\u00a0\u00bbstretch_row_content\u00a0\u00bb el_class=\u00a0\u00bbcarte-gmap\u00a0\u00bb][vc_column][vc_column_text]<iframe loading=\"lazy\" style=\"border: 0;\" tabindex=\"0\" src=\"https:\/\/www.google.com\/maps\/embed?pb=!1m18!1m12!1m3!1d41711.63781660998!2d6.536619979261052!3d49.20098897932249!2m3!1f0!2f0!3f0!3m2!1i1024!2i768!4f13.1!3m3!1m2!1s0x4795022199ab2895%3A0xcb854aacdd21a196!2s6%20Rue%20de%20la%20Binette%2C%2057220%20Coume!5e0!3m2!1sfr!2sfr!4v1610720926226!5m2!1sfr!2sfr\" width=\"600\" height=\"450\" frameborder=\"0\" allowfullscreen=\"allowfullscreen\" aria-hidden=\"false\"><\/iframe>[\/vc_column_text][\/vc_column][\/vc_row]\n","protected":false},"excerpt":{"rendered":"<p>[vc_row][vc_column width=\u00a0\u00bb1\/4&Prime;][vc_column_text] FKTHERMO 6 Rue de la Binette 57220 Coume [\/vc_column_text][\/vc_column][vc_column width=\u00a0\u00bb3\/4&Prime;][\/vc_column][\/vc_row][vc_row full_width=\u00a0\u00bbstretch_row_content\u00a0\u00bb el_class=\u00a0\u00bbcarte-gmap\u00a0\u00bb][vc_column][vc_column_text][\/vc_column_text][\/vc_column][\/vc_row]<\/p>\n","protected":false},"author":1,"featured_media":0,"parent":0,"menu_order":0,"comment_status":"closed","ping_status":"closed","template":"","meta":[],"yoast_head":"<!-- This site is optimized with the Yoast SEO plugin v16.6.1 - https:\/\/yoast.com\/wordpress\/plugins\/seo\/ -->\n<title>Contact - FK THERMO<\/title>\n<meta name=\"robots\" content=\"index, follow, max-snippet:-1, max-image-preview:large, max-video-preview:-1\" \/>\n<link rel=\"canonical\" href=\"https:\/\/www.jedac.fr\/fkthermo\/contact\/\" \/>\n<meta property=\"og:locale\" content=\"fr_FR\" \/>\n<meta property=\"og:type\" content=\"article\" \/>\n<meta property=\"og:title\" content=\"Contact - FK THERMO\" \/>\n<meta property=\"og:description\" content=\"[vc_row][vc_column width=\u00a0\u00bb1\/4&Prime;][vc_column_text] FKTHERMO 6 Rue de la Binette 57220 Coume [\/vc_column_text][\/vc_column][vc_column width=\u00a0\u00bb3\/4&Prime;][\/vc_column][\/vc_row][vc_row full_width=\u00a0\u00bbstretch_row_content\u00a0\u00bb el_class=\u00a0\u00bbcarte-gmap\u00a0\u00bb][vc_column][vc_column_text][\/vc_column_text][\/vc_column][\/vc_row]\" \/>\n<meta property=\"og:url\" content=\"https:\/\/www.jedac.fr\/fkthermo\/contact\/\" \/>\n<meta property=\"og:site_name\" content=\"FK THERMO\" \/>\n<meta property=\"article:modified_time\" content=\"2021-01-15T14:52:35+00:00\" \/>\n<meta name=\"twitter:card\" content=\"summary_large_image\" \/>\n<meta name=\"twitter:label1\" content=\"Dur\u00e9e de lecture est.\" \/>\n\t<meta name=\"twitter:data1\" content=\"1 minute\" \/>\n<script type=\"application\/ld+json\" class=\"yoast-schema-graph\">{\"@context\":\"https:\/\/schema.org\",\"@graph\":[{\"@type\":\"WebSite\",\"@id\":\"https:\/\/www.jedac.fr\/fkthermo\/#website\",\"url\":\"https:\/\/www.jedac.fr\/fkthermo\/\",\"name\":\"FK THERMO\",\"description\":\"Thermoplongeurs et thermostats en Lorraine\",\"potentialAction\":[{\"@type\":\"SearchAction\",\"target\":{\"@type\":\"EntryPoint\",\"urlTemplate\":\"https:\/\/www.jedac.fr\/fkthermo\/?s={search_term_string}\"},\"query-input\":\"required name=search_term_string\"}],\"inLanguage\":\"fr-FR\"},{\"@type\":\"WebPage\",\"@id\":\"https:\/\/www.jedac.fr\/fkthermo\/contact\/#webpage\",\"url\":\"https:\/\/www.jedac.fr\/fkthermo\/contact\/\",\"name\":\"Contact - FK THERMO\",\"isPartOf\":{\"@id\":\"https:\/\/www.jedac.fr\/fkthermo\/#website\"},\"datePublished\":\"2021-01-11T16:13:07+00:00\",\"dateModified\":\"2021-01-15T14:52:35+00:00\",\"breadcrumb\":{\"@id\":\"https:\/\/www.jedac.fr\/fkthermo\/contact\/#breadcrumb\"},\"inLanguage\":\"fr-FR\",\"potentialAction\":[{\"@type\":\"ReadAction\",\"target\":[\"https:\/\/www.jedac.fr\/fkthermo\/contact\/\"]}]},{\"@type\":\"BreadcrumbList\",\"@id\":\"https:\/\/www.jedac.fr\/fkthermo\/contact\/#breadcrumb\",\"itemListElement\":[{\"@type\":\"ListItem\",\"position\":1,\"name\":\"Accueil\",\"item\":\"https:\/\/www.jedac.fr\/fkthermo\/\"},{\"@type\":\"ListItem\",\"position\":2,\"name\":\"Contact\"}]}]}<\/script>\n<!-- \/ Yoast SEO plugin. -->","_links":{"self":[{"href":"https:\/\/www.jedac.fr\/fkthermo\/wp-json\/wp\/v2\/pages\/27"}],"collection":[{"href":"https:\/\/www.jedac.fr\/fkthermo\/wp-json\/wp\/v2\/pages"}],"about":[{"href":"https:\/\/www.jedac.fr\/fkthermo\/wp-json\/wp\/v2\/types\/page"}],"author":[{"embeddable":true,"href":"https:\/\/www.jedac.fr\/fkthermo\/wp-json\/wp\/v2\/users\/1"}],"replies":[{"embeddable":true,"href":"https:\/\/www.jedac.fr\/fkthermo\/wp-json\/wp\/v2\/comments?post=27"}],"version-history":[{"count":5,"href":"https:\/\/www.jedac.fr\/fkthermo\/wp-json\/wp\/v2\/pages\/27\/revisions"}],"predecessor-version":[{"id":121,"href":"https:\/\/www.jedac.fr\/fkthermo\/wp-json\/wp\/v2\/pages\/27\/revisions\/121"}],"wp:attachment":[{"href":"https:\/\/www.jedac.fr\/fkthermo\/wp-json\/wp\/v2\/media?parent=27"}],"curies":[{"name":"wp","href":"https:\/\/api.w.org\/{rel}","templated":true}]}}