{"id":2,"date":"2021-01-11T16:22:01","date_gmt":"2021-01-11T15:22:01","guid":{"rendered":"https:\/\/www.jedac.fr\/fkthermo\/?page_id=2"},"modified":"2021-05-12T16:56:22","modified_gmt":"2021-05-12T14:56:22","slug":"accueil","status":"publish","type":"page","link":"https:\/\/www.jedac.fr\/fkthermo\/","title":{"rendered":"Accueil"},"content":{"rendered":"[vc_row][vc_column el_class=\u00a0\u00bbaccroche-accueil\u00a0\u00bb][vc_column_text]\n<h2 style=\"text-align: center;\">Notre m\u00e9tier<\/h2>\n<h1 style=\"text-align: center;\">Chauffage \u00e9lectrique des fluides,<br \/>\nr\u00e9gulation \u00e9lectronique de temp\u00e9rature,<br \/>\napplications industrielles et domestique<\/h1>\n[\/vc_column_text][vc_separator color=\u00a0\u00bbcustom\u00a0\u00bb border_width=\u00a0\u00bb8&Prime; el_width=\u00a0\u00bb10&Prime; accent_color=\u00a0\u00bb#ef7c29&Prime;][\/vc_column][\/vc_row][vc_row el_class=\u00a0\u00bbaccueil-produits\u00a0\u00bb][vc_column width=\u00a0\u00bb1\/4&Prime;][vc_single_image image=\u00a0\u00bb15&Prime; img_size=\u00a0\u00bbfull\u00a0\u00bb alignment=\u00a0\u00bbcenter\u00a0\u00bb onclick=\u00a0\u00bbcustom_link\u00a0\u00bb link=\u00a0\u00bbhttps:\/\/www.jedac.fr\/fkthermo\/thermoplongeurs-radiateur-fonte\/\u00a0\u00bb][vc_column_text]\n<h3 style=\"text-align: center;\"><span class=\"\">Thermoplongeurs<br \/>\n<\/span><span class=\"\">pour radiateur fonte<\/span><\/h3>\n[\/vc_column_text][\/vc_column][vc_column width=\u00a0\u00bb1\/4&Prime;][vc_single_image image=\u00a0\u00bb14&Prime; img_size=\u00a0\u00bbfull\u00a0\u00bb alignment=\u00a0\u00bbcenter\u00a0\u00bb onclick=\u00a0\u00bbcustom_link\u00a0\u00bb link=\u00a0\u00bbhttps:\/\/www.jedac.fr\/fkthermo\/thermoplongeurs-seche-serviette\/\u00a0\u00bb][vc_column_text]\n<h3 style=\"text-align: center;\"><span class=\"\">Thermoplongeurs<br \/>\npour s\u00e8che-serviette<\/span><\/h3>\n[\/vc_column_text][\/vc_column][vc_column width=\u00a0\u00bb1\/4&Prime;][vc_single_image image=\u00a0\u00bb12&Prime; img_size=\u00a0\u00bbfull\u00a0\u00bb alignment=\u00a0\u00bbcenter\u00a0\u00bb onclick=\u00a0\u00bbcustom_link\u00a0\u00bb link=\u00a0\u00bbhttps:\/\/www.jedac.fr\/fkthermo\/accessoires-raccords-thermoplongeurs-fkthermo\/\u00a0\u00bb][vc_column_text]\n<h3 style=\"text-align: center;\"><span class=\"\">Accessoires pour<br \/>\nthermoplongeurs<\/span><\/h3>\n[\/vc_column_text][\/vc_column][vc_column width=\u00a0\u00bb1\/4&Prime;][vc_single_image image=\u00a0\u00bb13&Prime; img_size=\u00a0\u00bbfull\u00a0\u00bb alignment=\u00a0\u00bbcenter\u00a0\u00bb onclick=\u00a0\u00bbcustom_link\u00a0\u00bb link=\u00a0\u00bbhttps:\/\/www.jedac.fr\/fkthermo\/reparations-maintenance\/\u00a0\u00bb][vc_column_text]\n<h3 style=\"text-align: center;\"><span class=\"\">R\u00e9parations<br \/>\nmaintenances<\/span><\/h3>\n[\/vc_column_text][\/vc_column][\/vc_row][vc_row][vc_column width=\u00a0\u00bb1\/2&Prime; el_class=\u00a0\u00bbaccroche-alliance\u00a0\u00bb][vc_empty_space height=\u00a0\u00bb45px\u00a0\u00bb][vc_column_text el_class=\u00a0\u00bbtexte-decale\u00a0\u00bb]<strong>L&rsquo;alliance\u00a0<\/strong><br \/>\n<strong>de l&rsquo;informatique et\u00a0<\/strong><br \/>\n<strong>de l&rsquo;\u00e9lectronique<\/strong>[\/vc_column_text][vc_single_image image=\u00a0\u00bb197&Prime; img_size=\u00a0\u00bbfull\u00a0\u00bb][\/vc_column][vc_column width=\u00a0\u00bb1\/2&Prime;][vc_column_text]\n<h2 style=\"text-align: left;\"><span style=\"color: #f07d21;\"><a style=\"color: #f07d21;\" href=\"https:\/\/www.jedac.fr\/fkthermo\/notre-metier\/\">FK THERMO<\/a><\/span><\/h2>\n[\/vc_column_text][vc_column_text]\n<p align=\"justify\">La soci\u00e9t\u00e9 FK Thermo a pour vocation de r\u00e9pondre \u00e0 la demande croissante de thermoplongeurs \u00e9lectriques Classe II (double isolement) destin\u00e9s \u00e0 \u00e9quiper les radiateurs \u00ab\u00a0s\u00e8che-serviettes\u00a0\u00bb du march\u00e9 fran\u00e7ais.<\/p>\n<p align=\"justify\">Aujourd&rsquo;hui, FK Thermo est un intervenant majeur \u00e0 la notori\u00e9t\u00e9 \u00e9tablie sur son march\u00e9. Elle se distingue de ses concurrents par la mise en \u0153uvre de solutions techniques tr\u00e8s innovantes sur ses produits : thermoplongeurs, thermostats et d\u00e9riv\u00e9s.<\/p>\n[\/vc_column_text][\/vc_column][\/vc_row]\n","protected":false},"excerpt":{"rendered":"<p>[vc_row][vc_column el_class=\u00a0\u00bbaccroche-accueil\u00a0\u00bb][vc_column_text] Notre m\u00e9tier Chauffage \u00e9lectrique des fluides, r\u00e9gulation \u00e9lectronique de temp\u00e9rature, applications industrielles et domestique [\/vc_column_text][vc_separator color=\u00a0\u00bbcustom\u00a0\u00bb border_width=\u00a0\u00bb8&Prime; el_width=\u00a0\u00bb10&Prime; accent_color=\u00a0\u00bb#ef7c29&Prime;][\/vc_column][\/vc_row][vc_row el_class=\u00a0\u00bbaccueil-produits\u00a0\u00bb][vc_column width=\u00a0\u00bb1\/4&Prime;][vc_single_image image=\u00a0\u00bb15&Prime; img_size=\u00a0\u00bbfull\u00a0\u00bb alignment=\u00a0\u00bbcenter\u00a0\u00bb onclick=\u00a0\u00bbcustom_link\u00a0\u00bb link=\u00a0\u00bbhttps:\/\/www.jedac.fr\/fkthermo\/thermoplongeurs-radiateur-fonte\/\u00a0\u00bb][vc_column_text] Thermoplongeurs pour &#8230; <a href=\"https:\/\/www.jedac.fr\/fkthermo\/\" class=\"more-link\">Lire la suite <\/a><\/p>\n","protected":false},"author":1,"featured_media":0,"parent":0,"menu_order":0,"comment_status":"closed","ping_status":"closed","template":"","meta":[],"yoast_head":"<!-- This site is optimized with the Yoast SEO plugin v16.6.1 - https:\/\/yoast.com\/wordpress\/plugins\/seo\/ -->\n<title>Accueil - FK THERMO<\/title>\n<meta name=\"robots\" content=\"index, follow, max-snippet:-1, max-image-preview:large, max-video-preview:-1\" \/>\n<link rel=\"canonical\" href=\"https:\/\/www.jedac.fr\/fkthermo\/\" \/>\n<meta property=\"og:locale\" content=\"fr_FR\" \/>\n<meta property=\"og:type\" content=\"article\" \/>\n<meta property=\"og:title\" content=\"Accueil - FK THERMO\" \/>\n<meta property=\"og:description\" content=\"[vc_row][vc_column el_class=\u00a0\u00bbaccroche-accueil\u00a0\u00bb][vc_column_text] Notre m\u00e9tier Chauffage \u00e9lectrique des fluides, r\u00e9gulation \u00e9lectronique de temp\u00e9rature, applications industrielles et domestique [\/vc_column_text][vc_separator color=\u00a0\u00bbcustom\u00a0\u00bb border_width=\u00a0\u00bb8&Prime; el_width=\u00a0\u00bb10&Prime; accent_color=\u00a0\u00bb#ef7c29&Prime;][\/vc_column][\/vc_row][vc_row el_class=\u00a0\u00bbaccueil-produits\u00a0\u00bb][vc_column width=\u00a0\u00bb1\/4&Prime;][vc_single_image image=\u00a0\u00bb15&Prime; img_size=\u00a0\u00bbfull\u00a0\u00bb alignment=\u00a0\u00bbcenter\u00a0\u00bb onclick=\u00a0\u00bbcustom_link\u00a0\u00bb link=\u00a0\u00bbhttps:\/\/www.jedac.fr\/fkthermo\/thermoplongeurs-radiateur-fonte\/\u00a0\u00bb][vc_column_text] Thermoplongeurs pour ... Lire la suite\" \/>\n<meta property=\"og:url\" content=\"https:\/\/www.jedac.fr\/fkthermo\/\" \/>\n<meta property=\"og:site_name\" content=\"FK THERMO\" \/>\n<meta property=\"article:modified_time\" content=\"2021-05-12T14:56:22+00:00\" \/>\n<meta name=\"twitter:card\" content=\"summary_large_image\" \/>\n<meta name=\"twitter:label1\" content=\"Dur\u00e9e de lecture est.\" \/>\n\t<meta name=\"twitter:data1\" content=\"1 minute\" \/>\n<script type=\"application\/ld+json\" class=\"yoast-schema-graph\">{\"@context\":\"https:\/\/schema.org\",\"@graph\":[{\"@type\":\"WebSite\",\"@id\":\"https:\/\/www.jedac.fr\/fkthermo\/#website\",\"url\":\"https:\/\/www.jedac.fr\/fkthermo\/\",\"name\":\"FK THERMO\",\"description\":\"Thermoplongeurs et thermostats en Lorraine\",\"potentialAction\":[{\"@type\":\"SearchAction\",\"target\":{\"@type\":\"EntryPoint\",\"urlTemplate\":\"https:\/\/www.jedac.fr\/fkthermo\/?s={search_term_string}\"},\"query-input\":\"required name=search_term_string\"}],\"inLanguage\":\"fr-FR\"},{\"@type\":\"WebPage\",\"@id\":\"https:\/\/www.jedac.fr\/fkthermo\/#webpage\",\"url\":\"https:\/\/www.jedac.fr\/fkthermo\/\",\"name\":\"Accueil - FK THERMO\",\"isPartOf\":{\"@id\":\"https:\/\/www.jedac.fr\/fkthermo\/#website\"},\"datePublished\":\"2021-01-11T15:22:01+00:00\",\"dateModified\":\"2021-05-12T14:56:22+00:00\",\"breadcrumb\":{\"@id\":\"https:\/\/www.jedac.fr\/fkthermo\/#breadcrumb\"},\"inLanguage\":\"fr-FR\",\"potentialAction\":[{\"@type\":\"ReadAction\",\"target\":[\"https:\/\/www.jedac.fr\/fkthermo\/\"]}]},{\"@type\":\"BreadcrumbList\",\"@id\":\"https:\/\/www.jedac.fr\/fkthermo\/#breadcrumb\",\"itemListElement\":[{\"@type\":\"ListItem\",\"position\":1,\"name\":\"Accueil\",\"item\":\"https:\/\/www.jedac.fr\/fkthermo\/\"},{\"@type\":\"ListItem\",\"position\":2,\"name\":\"Accueil\"}]}]}<\/script>\n<!-- \/ Yoast SEO plugin. -->","_links":{"self":[{"href":"https:\/\/www.jedac.fr\/fkthermo\/wp-json\/wp\/v2\/pages\/2"}],"collection":[{"href":"https:\/\/www.jedac.fr\/fkthermo\/wp-json\/wp\/v2\/pages"}],"about":[{"href":"https:\/\/www.jedac.fr\/fkthermo\/wp-json\/wp\/v2\/types\/page"}],"author":[{"embeddable":true,"href":"https:\/\/www.jedac.fr\/fkthermo\/wp-json\/wp\/v2\/users\/1"}],"replies":[{"embeddable":true,"href":"https:\/\/www.jedac.fr\/fkthermo\/wp-json\/wp\/v2\/comments?post=2"}],"version-history":[{"count":6,"href":"https:\/\/www.jedac.fr\/fkthermo\/wp-json\/wp\/v2\/pages\/2\/revisions"}],"predecessor-version":[{"id":482,"href":"https:\/\/www.jedac.fr\/fkthermo\/wp-json\/wp\/v2\/pages\/2\/revisions\/482"}],"wp:attachment":[{"href":"https:\/\/www.jedac.fr\/fkthermo\/wp-json\/wp\/v2\/media?parent=2"}],"curies":[{"name":"wp","href":"https:\/\/api.w.org\/{rel}","templated":true}]}}