{"id":153,"date":"2021-04-13T17:52:01","date_gmt":"2021-04-13T15:52:01","guid":{"rendered":"https:\/\/www.jedac.fr\/fkthermo\/?page_id=153"},"modified":"2021-05-12T16:54:04","modified_gmt":"2021-05-12T14:54:04","slug":"reparations-maintenance","status":"publish","type":"page","link":"https:\/\/www.jedac.fr\/fkthermo\/reparations-maintenance\/","title":{"rendered":"R\u00e9parations &#038; maintenance"},"content":{"rendered":"[vc_row][vc_column][vc_custom_heading text=\u00a0\u00bbUne expertise compl\u00e8te pour vos syt\u00e8mes de chauffage\u00a0\u00bb font_container=\u00a0\u00bbtag:h3|text_align:left|color:%23f07d21&Prime;][vc_empty_space][\/vc_column][\/vc_row][vc_row][vc_column width=\u00a0\u00bb1\/2&Prime;][vc_column_text]\n<p align=\"justify\">L&rsquo;expertise de FKThermo s&rsquo;exprime au-del\u00e0 de la cr\u00e9ation en incluant un service maintenance et r\u00e9parations pour les produits suivants :<\/p>\n<ul>\n<li>\n<p align=\"justify\">Les radiateurs ECOPANNEL<\/p>\n<\/li>\n<li>\n<p align=\"justify\">Les radiateurs ECM<\/p>\n<\/li>\n<li>\n<p align=\"justify\">L&rsquo;ensemble des thermoplongeurs JEDAC<\/p>\n<\/li>\n<li>\n<p align=\"justify\">Les thermostats TAPOV, marque OLIGER<\/p>\n<\/li>\n<li>\n<p align=\"justify\">Les thermostats TAPOH, marque OLIGER<\/p>\n<\/li>\n<\/ul>\n[\/vc_column_text][\/vc_column][vc_column width=\u00a0\u00bb1\/2&Prime;][vc_single_image image=\u00a0\u00bb506&Prime; img_size=\u00a0\u00bbfull\u00a0\u00bb alignment=\u00a0\u00bbcenter\u00a0\u00bb][\/vc_column][\/vc_row][vc_row][vc_column][vc_separator color=\u00a0\u00bbcustom\u00a0\u00bb border_width=\u00a0\u00bb3&Prime; accent_color=\u00a0\u00bb#ccac94&Prime;][\/vc_column][\/vc_row][vc_row][vc_column][vc_custom_heading text=\u00a0\u00bbT\u00e9l\u00e9chargements\u00a0\u00bb font_container=\u00a0\u00bbtag:h3|text_align:left|color:%23f07d21&Prime;][\/vc_column][\/vc_row][vc_row][vc_column width=\u00a0\u00bb1\/3&Prime;][vc_single_image image=\u00a0\u00bb341&Prime; img_size=\u00a0\u00bbmedium\u00a0\u00bb onclick=\u00a0\u00bbcustom_link\u00a0\u00bb img_link_target=\u00a0\u00bb_blank\u00a0\u00bb link=\u00a0\u00bbhttps:\/\/www.jedac.fr\/fkthermo\/wp-content\/uploads\/2021\/05\/colonne.pdf\u00a0\u00bb][\/vc_column][vc_column width=\u00a0\u00bb1\/3&Prime;][vc_single_image image=\u00a0\u00bb342&Prime; img_size=\u00a0\u00bbmedium\u00a0\u00bb onclick=\u00a0\u00bbcustom_link\u00a0\u00bb img_link_target=\u00a0\u00bb_blank\u00a0\u00bb link=\u00a0\u00bbhttps:\/\/www.jedac.fr\/fkthermo\/wp-content\/uploads\/2021\/05\/radiateur-montage-ecm.pdf\u00a0\u00bb][\/vc_column][vc_column width=\u00a0\u00bb1\/3&Prime;][vc_single_image image=\u00a0\u00bb343&Prime; img_size=\u00a0\u00bbmedium\u00a0\u00bb onclick=\u00a0\u00bbcustom_link\u00a0\u00bb link=\u00a0\u00bbhttps:\/\/www.jedac.fr\/fkthermo\/wp-content\/uploads\/2021\/05\/radiateur-montage-ecopannel.pdf\u00a0\u00bb][\/vc_column][\/vc_row][vc_row][vc_column width=\u00a0\u00bb1\/3&Prime;][vc_single_image image=\u00a0\u00bb344&Prime; img_size=\u00a0\u00bbmedium\u00a0\u00bb onclick=\u00a0\u00bbcustom_link\u00a0\u00bb img_link_target=\u00a0\u00bb_blank\u00a0\u00bb link=\u00a0\u00bbhttps:\/\/www.jedac.fr\/fkthermo\/wp-content\/uploads\/2021\/05\/ecoplinthe.pdf\u00a0\u00bb][\/vc_column][vc_column width=\u00a0\u00bb1\/3&Prime;][vc_single_image image=\u00a0\u00bb345&Prime; img_size=\u00a0\u00bbmedium\u00a0\u00bb onclick=\u00a0\u00bbcustom_link\u00a0\u00bb img_link_target=\u00a0\u00bb_blank\u00a0\u00bb link=\u00a0\u00bbhttps:\/\/www.jedac.fr\/fkthermo\/wp-content\/uploads\/2021\/05\/montage-thermoplongeur.pdf\u00a0\u00bb][\/vc_column][vc_column width=\u00a0\u00bb1\/3&Prime;][vc_single_image image=\u00a0\u00bb346&Prime; img_size=\u00a0\u00bbmedium\u00a0\u00bb onclick=\u00a0\u00bbcustom_link\u00a0\u00bb img_link_target=\u00a0\u00bb_blank\u00a0\u00bb link=\u00a0\u00bbhttps:\/\/www.jedac.fr\/fkthermo\/wp-content\/uploads\/2021\/05\/test-infra-rouge.pdf\u00a0\u00bb][\/vc_column][\/vc_row]\n","protected":false},"excerpt":{"rendered":"<p>[vc_row][vc_column][vc_custom_heading text=\u00a0\u00bbUne expertise compl\u00e8te pour vos syt\u00e8mes de chauffage\u00a0\u00bb font_container=\u00a0\u00bbtag:h3|text_align:left|color:%23f07d21&Prime;][vc_empty_space][\/vc_column][\/vc_row][vc_row][vc_column width=\u00a0\u00bb1\/2&Prime;][vc_column_text] L&rsquo;expertise de FKThermo s&rsquo;exprime au-del\u00e0 de la cr\u00e9ation en incluant un service maintenance et r\u00e9parations pour les produits suivants &#8230; <a href=\"https:\/\/www.jedac.fr\/fkthermo\/reparations-maintenance\/\" class=\"more-link\">Lire la suite <\/a><\/p>\n","protected":false},"author":7,"featured_media":0,"parent":0,"menu_order":0,"comment_status":"closed","ping_status":"closed","template":"","meta":[],"yoast_head":"<!-- This site is optimized with the Yoast SEO plugin v16.6.1 - https:\/\/yoast.com\/wordpress\/plugins\/seo\/ -->\n<title>R\u00e9parations &amp; maintenance - FK THERMO<\/title>\n<meta name=\"robots\" content=\"index, follow, max-snippet:-1, max-image-preview:large, max-video-preview:-1\" \/>\n<link rel=\"canonical\" href=\"https:\/\/www.jedac.fr\/fkthermo\/reparations-maintenance\/\" \/>\n<meta property=\"og:locale\" content=\"fr_FR\" \/>\n<meta property=\"og:type\" content=\"article\" \/>\n<meta property=\"og:title\" content=\"R\u00e9parations &amp; maintenance - FK THERMO\" \/>\n<meta property=\"og:description\" content=\"[vc_row][vc_column][vc_custom_heading text=\u00a0\u00bbUne expertise compl\u00e8te pour vos syt\u00e8mes de chauffage\u00a0\u00bb font_container=\u00a0\u00bbtag:h3|text_align:left|color:%23f07d21&Prime;][vc_empty_space][\/vc_column][\/vc_row][vc_row][vc_column width=\u00a0\u00bb1\/2&Prime;][vc_column_text] L&rsquo;expertise de FKThermo s&rsquo;exprime au-del\u00e0 de la cr\u00e9ation en incluant un service maintenance et r\u00e9parations pour les produits suivants ... Lire la suite\" \/>\n<meta property=\"og:url\" content=\"https:\/\/www.jedac.fr\/fkthermo\/reparations-maintenance\/\" \/>\n<meta property=\"og:site_name\" content=\"FK THERMO\" \/>\n<meta property=\"article:modified_time\" content=\"2021-05-12T14:54:04+00:00\" \/>\n<meta name=\"twitter:card\" content=\"summary_large_image\" \/>\n<meta name=\"twitter:label1\" content=\"Dur\u00e9e de lecture est.\" \/>\n\t<meta name=\"twitter:data1\" content=\"1 minute\" \/>\n<script type=\"application\/ld+json\" class=\"yoast-schema-graph\">{\"@context\":\"https:\/\/schema.org\",\"@graph\":[{\"@type\":\"WebSite\",\"@id\":\"https:\/\/www.jedac.fr\/fkthermo\/#website\",\"url\":\"https:\/\/www.jedac.fr\/fkthermo\/\",\"name\":\"FK THERMO\",\"description\":\"Thermoplongeurs et thermostats en Lorraine\",\"potentialAction\":[{\"@type\":\"SearchAction\",\"target\":{\"@type\":\"EntryPoint\",\"urlTemplate\":\"https:\/\/www.jedac.fr\/fkthermo\/?s={search_term_string}\"},\"query-input\":\"required name=search_term_string\"}],\"inLanguage\":\"fr-FR\"},{\"@type\":\"WebPage\",\"@id\":\"https:\/\/www.jedac.fr\/fkthermo\/reparations-maintenance\/#webpage\",\"url\":\"https:\/\/www.jedac.fr\/fkthermo\/reparations-maintenance\/\",\"name\":\"R\\u00e9parations & maintenance - FK THERMO\",\"isPartOf\":{\"@id\":\"https:\/\/www.jedac.fr\/fkthermo\/#website\"},\"datePublished\":\"2021-04-13T15:52:01+00:00\",\"dateModified\":\"2021-05-12T14:54:04+00:00\",\"breadcrumb\":{\"@id\":\"https:\/\/www.jedac.fr\/fkthermo\/reparations-maintenance\/#breadcrumb\"},\"inLanguage\":\"fr-FR\",\"potentialAction\":[{\"@type\":\"ReadAction\",\"target\":[\"https:\/\/www.jedac.fr\/fkthermo\/reparations-maintenance\/\"]}]},{\"@type\":\"BreadcrumbList\",\"@id\":\"https:\/\/www.jedac.fr\/fkthermo\/reparations-maintenance\/#breadcrumb\",\"itemListElement\":[{\"@type\":\"ListItem\",\"position\":1,\"name\":\"Accueil\",\"item\":\"https:\/\/www.jedac.fr\/fkthermo\/\"},{\"@type\":\"ListItem\",\"position\":2,\"name\":\"R\\u00e9parations &#038; maintenance\"}]}]}<\/script>\n<!-- \/ Yoast SEO plugin. -->","_links":{"self":[{"href":"https:\/\/www.jedac.fr\/fkthermo\/wp-json\/wp\/v2\/pages\/153"}],"collection":[{"href":"https:\/\/www.jedac.fr\/fkthermo\/wp-json\/wp\/v2\/pages"}],"about":[{"href":"https:\/\/www.jedac.fr\/fkthermo\/wp-json\/wp\/v2\/types\/page"}],"author":[{"embeddable":true,"href":"https:\/\/www.jedac.fr\/fkthermo\/wp-json\/wp\/v2\/users\/7"}],"replies":[{"embeddable":true,"href":"https:\/\/www.jedac.fr\/fkthermo\/wp-json\/wp\/v2\/comments?post=153"}],"version-history":[{"count":5,"href":"https:\/\/www.jedac.fr\/fkthermo\/wp-json\/wp\/v2\/pages\/153\/revisions"}],"predecessor-version":[{"id":274,"href":"https:\/\/www.jedac.fr\/fkthermo\/wp-json\/wp\/v2\/pages\/153\/revisions\/274"}],"wp:attachment":[{"href":"https:\/\/www.jedac.fr\/fkthermo\/wp-json\/wp\/v2\/media?parent=153"}],"curies":[{"name":"wp","href":"https:\/\/api.w.org\/{rel}","templated":true}]}}